{"id":32289,"date":"2023-06-15T08:47:04","date_gmt":"2023-06-15T08:47:04","guid":{"rendered":"https:\/\/www.josedemello.pt\/fundacao-amelia-de-mello\/"},"modified":"2023-06-15T08:54:22","modified_gmt":"2023-06-15T08:54:22","slug":"fundacao-amelia-de-mello","status":"publish","type":"page","link":"https:\/\/josedemello.pt\/en\/fundacao-amelia-de-mello\/","title":{"rendered":"Funda\u00e7\u00e3o Am\u00e9lia de Mello"},"content":{"rendered":"\n<div class=\"wp-block-group narrow\"><div class=\"wp-block-group__inner-container is-layout-constrained wp-block-group-is-layout-constrained\">\n<div class=\"wp-block-columns is-layout-flex wp-container-core-columns-is-layout-9d6595d7 wp-block-columns-is-layout-flex\">\n<div class=\"wp-block-column p-r-50 is-layout-flow wp-block-column-is-layout-flow\" style=\"flex-basis:33.33%\"><div class=\"wp-block-image\">\n<figure class=\"aligncenter size-full\"><img loading=\"lazy\" decoding=\"async\" width=\"340\" height=\"186\" src=\"https:\/\/josedemello.pt\/wp-content\/uploads\/2022\/12\/fundacao-amelia-de-mello.jpg\" alt=\"\" class=\"wp-image-99\" srcset=\"https:\/\/josedemello.pt\/wp-content\/uploads\/2022\/12\/fundacao-amelia-de-mello.jpg 340w, https:\/\/josedemello.pt\/wp-content\/uploads\/2022\/12\/fundacao-amelia-de-mello-300x164.jpg 300w\" sizes=\"auto, (max-width: 340px) 100vw, 340px\" \/><\/figure>\n<\/div><\/div>\n\n\n\n<div class=\"wp-block-column is-layout-flow wp-block-column-is-layout-flow\" style=\"flex-basis:66.66%\">\n<h2 class=\"wp-block-heading\"><strong>Funda\u00e7\u00e3o Am\u00e9lia de Mello<\/strong><\/h2>\n\n\n\n<hr class=\"wp-block-separator has-alpha-channel-opacity sep-small\"\/>\n\n\n\n<p>The Am\u00e9lia de Mello Foundation (FAM) was set up in October 1964 at the behest of D. Manuel de Mello, in homage to his wife, daughter of Alfredo da Silva, with the chief objective of continuing the social work of the CUF group.<\/p>\n\n\n\n<p>The FAM has strong connections to the companies managed by the heirs of its founder, namely the Jos\u00e9 de Mello group and the Group Nutrinveste Sovena, but it is independently managed and governed.<\/p>\n\n\n\n<p>FAM\u2019s operations consist mainly in awarding scholarships and supporting clinical, medical and human science research.<\/p>\n\n\n\n<p>In partnership with the Jos\u00e9 de Mello group, the FAM has an annual scholarships scheme for Bachelor and Masters degrees intended for the employees\u2019 children, besides supporting the Voluntary Service Scheme, scholarships and awards for clinical research, innovation and charities.<\/p>\n\n\n\n<p>Visit <a href=\"https:\/\/www.fundacaoameliademello.org.pt\/\" target=\"_blank\" rel=\"noreferrer noopener\">Am\u00e9lia de Mello Foundation website<\/a>.<\/p>\n<\/div>\n<\/div>\n<\/div><\/div>\n","protected":false},"excerpt":{"rendered":"<p>Funda\u00e7\u00e3o Am\u00e9lia de Mello The Am\u00e9lia de Mello Foundation (FAM) was set up in October 1964 at the behest of D. Manuel de Mello, in homage to his wife, daughter of Alfredo da Silva, with the chief objective of continuing the social work of the CUF group. The FAM has strong connections to the companies [&hellip;]<\/p>\n","protected":false},"author":1,"featured_media":32305,"parent":0,"menu_order":0,"comment_status":"closed","ping_status":"closed","template":"","meta":{"_acf_changed":false,"slim_seo":{"title":"Funda\u00e7\u00e3o Am\u00e9lia de Mello - Grupo Jos\u00e9 de Mello","description":"Funda\u00e7\u00e3o Am\u00e9lia de Mello The Am\u00e9lia de Mello Foundation (FAM) was set up in October 1964 at the behest of D. Manuel de Mello, in homage to his wife, daughter of"},"footnotes":""},"class_list":["post-32289","page","type-page","status-publish","has-post-thumbnail","hentry"],"acf":[],"_links":{"self":[{"href":"https:\/\/josedemello.pt\/en\/wp-json\/wp\/v2\/pages\/32289","targetHints":{"allow":["GET"]}}],"collection":[{"href":"https:\/\/josedemello.pt\/en\/wp-json\/wp\/v2\/pages"}],"about":[{"href":"https:\/\/josedemello.pt\/en\/wp-json\/wp\/v2\/types\/page"}],"author":[{"embeddable":true,"href":"https:\/\/josedemello.pt\/en\/wp-json\/wp\/v2\/users\/1"}],"replies":[{"embeddable":true,"href":"https:\/\/josedemello.pt\/en\/wp-json\/wp\/v2\/comments?post=32289"}],"version-history":[{"count":1,"href":"https:\/\/josedemello.pt\/en\/wp-json\/wp\/v2\/pages\/32289\/revisions"}],"predecessor-version":[{"id":32292,"href":"https:\/\/josedemello.pt\/en\/wp-json\/wp\/v2\/pages\/32289\/revisions\/32292"}],"wp:featuredmedia":[{"embeddable":true,"href":"https:\/\/josedemello.pt\/en\/wp-json\/wp\/v2\/media\/32305"}],"wp:attachment":[{"href":"https:\/\/josedemello.pt\/en\/wp-json\/wp\/v2\/media?parent=32289"}],"curies":[{"name":"wp","href":"https:\/\/api.w.org\/{rel}","templated":true}]}}